{"id":569,"date":"2024-05-30T13:43:41","date_gmt":"2024-05-30T13:43:41","guid":{"rendered":"https:\/\/autografo.tv\/?page_id=569"},"modified":"2025-01-07T18:18:42","modified_gmt":"2025-01-07T22:18:42","slug":"luis-llorens-torres","status":"publish","type":"page","link":"https:\/\/autografo.tv\/en\/luis-llorens-torres\/","title":{"rendered":"Luis Llor\u00e9ns Torres"},"content":{"rendered":"<div data-elementor-type=\"wp-page\" data-elementor-id=\"569\" class=\"elementor elementor-569\" data-elementor-post-type=\"page\">\n\t\t\t\t\t\t<section class=\"elementor-section elementor-top-section elementor-element elementor-element-8bfd9de elementor-section-full_width elementor-section-height-default elementor-section-height-default sc_fly_static\" data-id=\"8bfd9de\" data-element_type=\"section\" data-e-type=\"section\" data-settings=\"{&quot;background_background&quot;:&quot;classic&quot;}\">\n\t\t\t\t\t\t\t<div class=\"elementor-background-overlay\"><\/div>\n\t\t\t\t\t\t\t<div class=\"elementor-container elementor-column-gap-extended\">\n\t\t\t\t\t<div class=\"elementor-column elementor-col-100 elementor-top-column elementor-element elementor-element-daefb20 sc_content_align_inherit sc_layouts_column_icons_position_left sc_fly_static\" data-id=\"daefb20\" data-element_type=\"column\" data-e-type=\"column\">\n\t\t\t<div class=\"elementor-widget-wrap elementor-element-populated\">\n\t\t\t\t\t\t<div class=\"elementor-element elementor-element-01c99aa elementor--v-position-bottom elementor-widget__width-inherit elementor--h-position-center elementor-arrows-position-inside elementor-pagination-position-inside sc_fly_static elementor-widget elementor-widget-slides\" data-id=\"01c99aa\" data-element_type=\"widget\" data-e-type=\"widget\" data-settings=\"{&quot;navigation&quot;:&quot;both&quot;,&quot;autoplay&quot;:&quot;yes&quot;,&quot;pause_on_hover&quot;:&quot;yes&quot;,&quot;pause_on_interaction&quot;:&quot;yes&quot;,&quot;autoplay_speed&quot;:5000,&quot;infinite&quot;:&quot;yes&quot;,&quot;transition&quot;:&quot;slide&quot;,&quot;transition_speed&quot;:500}\" data-widget_type=\"slides.default\">\n\t\t\t\t<div class=\"elementor-widget-container\">\n\t\t\t\t\t\t\t\t\t<div class=\"elementor-swiper\">\n\t\t\t\t\t<div class=\"elementor-slides-wrapper elementor-main-swiper swiper\" role=\"region\" aria-roledescription=\"carousel\" aria-label=\"image\" dir=\"ltr\" data-animation=\"fadeInUp\">\n\t\t\t\t<div class=\"swiper-wrapper elementor-slides\">\n\t\t\t\t\t\t\t\t\t\t<div class=\"elementor-repeater-item-c8a794e swiper-slide\" role=\"group\" aria-roledescription=\"slide\"><div class=\"swiper-slide-bg\"><\/div><div class=\"swiper-slide-inner\" ><div class=\"swiper-slide-contents\"><div class=\"elementor-slide-description\">Juana D\u00edaz, P.R. 1878 \u2013 San Juan, P.R 1944<\/div><\/div><\/div><\/div>\t\t\t\t<\/div>\n\t\t\t\t\t\t\t<\/div>\n\t\t\t\t<\/div>\n\t\t\t\t\t\t\t\t<\/div>\n\t\t\t\t<\/div>\n\t\t\t\t\t<\/div>\n\t\t<\/div>\n\t\t\t\t\t<\/div>\n\t\t<\/section>\n\t\t<div class=\"elementor-element elementor-element-9fd6b92 e-flex e-con-boxed sc_layouts_column_icons_position_left e-con e-parent\" data-id=\"9fd6b92\" data-element_type=\"container\" data-e-type=\"container\">\n\t\t\t\t\t<div class=\"e-con-inner\">\n\t\t<div class=\"elementor-element elementor-element-6a59fee e-con-full e-flex sc_layouts_column_icons_position_left e-con e-child\" data-id=\"6a59fee\" data-element_type=\"container\" data-e-type=\"container\">\n\t\t\t\t<div class=\"elementor-element elementor-element-b7fd2da sc_fly_static elementor-widget elementor-widget-theme-post-featured-image elementor-widget-image\" data-id=\"b7fd2da\" data-element_type=\"widget\" data-e-type=\"widget\" data-widget_type=\"theme-post-featured-image.default\">\n\t\t\t\t<div class=\"elementor-widget-container\">\n\t\t\t\t\t\t\t\t\t\t\t\t\t\t\t<img fetchpriority=\"high\" decoding=\"async\" width=\"1024\" height=\"1024\" src=\"https:\/\/autografo.tv\/wp-content\/uploads\/2024\/05\/VIOLETALuisLlorensTorres-1024x1024.jpg\" class=\"attachment-large size-large wp-image-571\" alt=\"\" srcset=\"https:\/\/autografo.tv\/wp-content\/uploads\/2024\/05\/VIOLETALuisLlorensTorres-1024x1024.jpg 1024w, https:\/\/autografo.tv\/wp-content\/uploads\/2024\/05\/VIOLETALuisLlorensTorres-300x300.jpg 300w, https:\/\/autografo.tv\/wp-content\/uploads\/2024\/05\/VIOLETALuisLlorensTorres-150x150.jpg 150w, https:\/\/autografo.tv\/wp-content\/uploads\/2024\/05\/VIOLETALuisLlorensTorres-768x768.jpg 768w, https:\/\/autografo.tv\/wp-content\/uploads\/2024\/05\/VIOLETALuisLlorensTorres.jpg 1389w\" sizes=\"(max-width: 1024px) 100vw, 1024px\" \/>\t\t\t\t\t\t\t\t\t\t\t\t\t\t\t<\/div>\n\t\t\t\t<\/div>\n\t\t\t\t<div class=\"elementor-element elementor-element-062aa24 sc_fly_static elementor-widget elementor-widget-heading\" data-id=\"062aa24\" data-element_type=\"widget\" data-e-type=\"widget\" data-widget_type=\"heading.default\">\n\t\t\t\t<div class=\"elementor-widget-container\">\n\t\t\t\t\t<h1 class=\"elementor-heading-title elementor-size-default\">Luis Llor\u00e9ns Torres<\/h1>\t\t\t\t<\/div>\n\t\t\t\t<\/div>\n\t\t\t\t<div class=\"elementor-element elementor-element-a5fdeff sc_fly_static elementor-widget elementor-widget-heading\" data-id=\"a5fdeff\" data-element_type=\"widget\" data-e-type=\"widget\" data-widget_type=\"heading.default\">\n\t\t\t\t<div class=\"elementor-widget-container\">\n\t\t\t\t\t<p class=\"elementor-heading-title elementor-size-default\">Juana D\u00edaz, P.R. 1878 \u2013 San Juan, P.R 1944<\/p>\t\t\t\t<\/div>\n\t\t\t\t<\/div>\n\t\t\t\t<\/div>\n\t\t<div class=\"elementor-element elementor-element-f3cc0d9 e-con-full e-flex sc_layouts_column_icons_position_left e-con e-child\" data-id=\"f3cc0d9\" data-element_type=\"container\" data-e-type=\"container\">\n\t\t\t\t<div class=\"elementor-element elementor-element-d3ce111 sc_fly_static elementor-widget elementor-widget-video\" data-id=\"d3ce111\" data-element_type=\"widget\" data-e-type=\"widget\" data-settings=\"{&quot;youtube_url&quot;:&quot;https:\\\/\\\/youtu.be\\\/dGWq9KAkuXU?si=oluR6Qv_v2l9ReKF&quot;,&quot;autoplay&quot;:&quot;yes&quot;,&quot;mute&quot;:&quot;yes&quot;,&quot;video_type&quot;:&quot;youtube&quot;,&quot;controls&quot;:&quot;yes&quot;}\" data-widget_type=\"video.default\">\n\t\t\t\t<div class=\"elementor-widget-container\">\n\t\t\t\t\t\t\t<div class=\"elementor-wrapper elementor-open-inline\">\n\t\t\t<div class=\"elementor-video\"><\/div>\t\t<\/div>\n\t\t\t\t\t\t<\/div>\n\t\t\t\t<\/div>\n\t\t\t\t<div class=\"elementor-element elementor-element-f3cbfa4 sc_fly_static elementor-widget elementor-widget-text-editor\" data-id=\"f3cbfa4\" data-element_type=\"widget\" data-e-type=\"widget\" data-widget_type=\"text-editor.default\">\n\t\t\t\t<div class=\"elementor-widget-container\">\n\t\t\t\t\t\t\t\t\t<p>Poeta que rescat\u00f3 el paisaje y la vida del j\u00edbaro puertorrique\u00f1o. Su poes\u00eda, llena de a\u00f1oranza y belleza, dej\u00f3 un legado que ha tocado a Puerto Rico para siempre. Su obra, \u201cValle de Collores\u201d, es conocida hoy como uno de los poemas m\u00e1s emblem\u00e1ticos de nuestra literatura.<\/p>\t\t\t\t\t\t\t\t<\/div>\n\t\t\t\t<\/div>\n\t\t\t\t<div class=\"elementor-element elementor-element-6aedf82 sc_fly_static elementor-widget elementor-widget-text-editor\" data-id=\"6aedf82\" data-element_type=\"widget\" data-e-type=\"widget\" data-widget_type=\"text-editor.default\">\n\t\t\t\t<div class=\"elementor-widget-container\">\n\t\t\t\t\t\t\t\t\t<p>A poet who rescued the life and landscape of the Puerto Rican j\u00edbaro. His poetic legacy, full of beauty and longing, is relevant to this day and continues to touch the hearts of Puerto Rico. His work, \u201cValle de Collores\u201d, is known today as one of our literature\u2019s most emblematic poems.<\/p>\t\t\t\t\t\t\t\t<\/div>\n\t\t\t\t<\/div>\n\t\t\t\t<div class=\"elementor-element elementor-element-a5ccaa3 sc_fly_static elementor-widget elementor-widget-video\" data-id=\"a5ccaa3\" data-element_type=\"widget\" data-e-type=\"widget\" data-settings=\"{&quot;youtube_url&quot;:&quot;https:\\\/\\\/www.youtube.com\\\/watch?v=2gv3ZwpDBBw&amp;list=PLNDMQFaJY_EEGwfSDCt_fRKTkNbBgsvqr&amp;index=23&quot;,&quot;video_type&quot;:&quot;youtube&quot;,&quot;controls&quot;:&quot;yes&quot;}\" data-widget_type=\"video.default\">\n\t\t\t\t<div class=\"elementor-widget-container\">\n\t\t\t\t\t\t\t<div class=\"elementor-wrapper elementor-open-inline\">\n\t\t\t<div class=\"elementor-video\"><\/div>\t\t<\/div>\n\t\t\t\t\t\t<\/div>\n\t\t\t\t<\/div>\n\t\t\t\t<\/div>\n\t\t\t\t\t<\/div>\n\t\t\t\t<\/div>\n\t\t\t\t<\/div>","protected":false},"excerpt":{"rendered":"<p>Juana D\u00edaz, P.R. 1878 \u2013 San Juan, P.R 1944 Luis Llor\u00e9ns Torres Juana D\u00edaz, P.R. 1878 \u2013 San Juan, P.R 1944 https:\/\/youtu.be\/dGWq9KAkuXU?si=oluR6Qv_v2l9ReKF Poeta que rescat\u00f3 el paisaje y la vida&hellip;<\/p>","protected":false},"author":1,"featured_media":571,"parent":0,"menu_order":0,"comment_status":"closed","ping_status":"closed","template":"elementor_header_footer","meta":{"_acf_changed":false,"_coblocks_attr":"","_coblocks_dimensions":"","_coblocks_responsive_height":"","_coblocks_accordion_ie_support":"","footnotes":""},"categories":[58],"tags":[40],"class_list":["post-569","page","type-page","status-publish","has-post-thumbnail","hentry","category-poeta","tag-40"],"acf":[],"yoast_head":"<!-- This site is optimized with the Yoast SEO Premium plugin v23.4 (Yoast SEO v27.5) - https:\/\/yoast.com\/product\/yoast-seo-premium-wordpress\/ -->\n<title>Luis Llor\u00e9ns Torres - Aut\u00f3grafo TV<\/title>\n<meta name=\"robots\" content=\"index, follow, max-snippet:-1, max-image-preview:large, max-video-preview:-1\" \/>\n<link rel=\"canonical\" href=\"https:\/\/autografo.tv\/en\/luis-llorens-torres\/\" \/>\n<meta property=\"og:locale\" content=\"en_US\" \/>\n<meta property=\"og:type\" content=\"article\" \/>\n<meta property=\"og:title\" content=\"Luis Llor\u00e9ns Torres\" \/>\n<meta property=\"og:description\" content=\"Juana D\u00edaz, P.R. 1878 \u2013 San Juan, P.R 1944 Luis Llor\u00e9ns Torres Juana D\u00edaz, P.R. 1878 \u2013 San Juan, P.R 1944 https:\/\/youtu.be\/dGWq9KAkuXU?si=oluR6Qv_v2l9ReKF Poeta que rescat\u00f3 el paisaje y la vida&hellip;\" \/>\n<meta property=\"og:url\" content=\"https:\/\/autografo.tv\/en\/luis-llorens-torres\/\" \/>\n<meta property=\"og:site_name\" content=\"Aut\u00f3grafo TV\" \/>\n<meta property=\"article:publisher\" content=\"https:\/\/www.facebook.com\/autografotv\" \/>\n<meta property=\"article:modified_time\" content=\"2025-01-07T22:18:42+00:00\" \/>\n<meta property=\"og:image\" content=\"https:\/\/autografo.tv\/wp-content\/uploads\/2024\/05\/VIOLETALuisLlorensTorres.jpg\" \/>\n\t<meta property=\"og:image:width\" content=\"1389\" \/>\n\t<meta property=\"og:image:height\" content=\"1389\" \/>\n\t<meta property=\"og:image:type\" content=\"image\/jpeg\" \/>\n<meta name=\"twitter:card\" content=\"summary_large_image\" \/>\n<meta name=\"twitter:site\" content=\"@autografotv\" \/>\n<meta name=\"twitter:label1\" content=\"Est. reading time\" \/>\n\t<meta name=\"twitter:data1\" content=\"1 minute\" \/>\n<script type=\"application\/ld+json\" class=\"yoast-schema-graph\">{\"@context\":\"https:\\\/\\\/schema.org\",\"@graph\":[{\"@type\":\"WebPage\",\"@id\":\"https:\\\/\\\/autografo.tv\\\/luis-llorens-torres\\\/\",\"url\":\"https:\\\/\\\/autografo.tv\\\/luis-llorens-torres\\\/\",\"name\":\"Luis Llor\u00e9ns Torres - Aut\u00f3grafo TV\",\"isPartOf\":{\"@id\":\"https:\\\/\\\/autografo.tv\\\/#website\"},\"primaryImageOfPage\":{\"@id\":\"https:\\\/\\\/autografo.tv\\\/luis-llorens-torres\\\/#primaryimage\"},\"image\":{\"@id\":\"https:\\\/\\\/autografo.tv\\\/luis-llorens-torres\\\/#primaryimage\"},\"thumbnailUrl\":\"https:\\\/\\\/autografo.tv\\\/wp-content\\\/uploads\\\/2024\\\/05\\\/VIOLETALuisLlorensTorres.jpg\",\"datePublished\":\"2024-05-30T13:43:41+00:00\",\"dateModified\":\"2025-01-07T22:18:42+00:00\",\"breadcrumb\":{\"@id\":\"https:\\\/\\\/autografo.tv\\\/luis-llorens-torres\\\/#breadcrumb\"},\"inLanguage\":\"en-US\",\"potentialAction\":[{\"@type\":\"ReadAction\",\"target\":[\"https:\\\/\\\/autografo.tv\\\/luis-llorens-torres\\\/\"]}]},{\"@type\":\"ImageObject\",\"inLanguage\":\"en-US\",\"@id\":\"https:\\\/\\\/autografo.tv\\\/luis-llorens-torres\\\/#primaryimage\",\"url\":\"https:\\\/\\\/autografo.tv\\\/wp-content\\\/uploads\\\/2024\\\/05\\\/VIOLETALuisLlorensTorres.jpg\",\"contentUrl\":\"https:\\\/\\\/autografo.tv\\\/wp-content\\\/uploads\\\/2024\\\/05\\\/VIOLETALuisLlorensTorres.jpg\",\"width\":1389,\"height\":1389},{\"@type\":\"BreadcrumbList\",\"@id\":\"https:\\\/\\\/autografo.tv\\\/luis-llorens-torres\\\/#breadcrumb\",\"itemListElement\":[{\"@type\":\"ListItem\",\"position\":1,\"name\":\"Portada\",\"item\":\"https:\\\/\\\/autografo.tv\\\/\"},{\"@type\":\"ListItem\",\"position\":2,\"name\":\"Luis Llor\u00e9ns Torres\"}]},{\"@type\":\"WebSite\",\"@id\":\"https:\\\/\\\/autografo.tv\\\/#website\",\"url\":\"https:\\\/\\\/autografo.tv\\\/\",\"name\":\"Aut\u00f3grafo TV\",\"description\":\"\",\"publisher\":{\"@id\":\"https:\\\/\\\/autografo.tv\\\/#organization\"},\"potentialAction\":[{\"@type\":\"SearchAction\",\"target\":{\"@type\":\"EntryPoint\",\"urlTemplate\":\"https:\\\/\\\/autografo.tv\\\/?s={search_term_string}\"},\"query-input\":{\"@type\":\"PropertyValueSpecification\",\"valueRequired\":true,\"valueName\":\"search_term_string\"}}],\"inLanguage\":\"en-US\"},{\"@type\":\"Organization\",\"@id\":\"https:\\\/\\\/autografo.tv\\\/#organization\",\"name\":\"Aut\u00f3grafo TV\",\"url\":\"https:\\\/\\\/autografo.tv\\\/\",\"logo\":{\"@type\":\"ImageObject\",\"inLanguage\":\"en-US\",\"@id\":\"https:\\\/\\\/autografo.tv\\\/#\\\/schema\\\/logo\\\/image\\\/\",\"url\":\"https:\\\/\\\/autografo.tv\\\/wp-content\\\/uploads\\\/2025\\\/01\\\/cropped-favicon.png\",\"contentUrl\":\"https:\\\/\\\/autografo.tv\\\/wp-content\\\/uploads\\\/2025\\\/01\\\/cropped-favicon.png\",\"width\":512,\"height\":512,\"caption\":\"Aut\u00f3grafo TV\"},\"image\":{\"@id\":\"https:\\\/\\\/autografo.tv\\\/#\\\/schema\\\/logo\\\/image\\\/\"},\"sameAs\":[\"https:\\\/\\\/www.facebook.com\\\/autografotv\",\"https:\\\/\\\/x.com\\\/autografotv\",\"https:\\\/\\\/www.instagram.com\\\/autografotv\",\"https:\\\/\\\/www.youtube.com\\\/@autografotv\"]}]}<\/script>\n<!-- \/ Yoast SEO Premium plugin. -->","yoast_head_json":{"title":"Luis Llor\u00e9ns Torres - Aut\u00f3grafo TV","robots":{"index":"index","follow":"follow","max-snippet":"max-snippet:-1","max-image-preview":"max-image-preview:large","max-video-preview":"max-video-preview:-1"},"canonical":"https:\/\/autografo.tv\/en\/luis-llorens-torres\/","og_locale":"en_US","og_type":"article","og_title":"Luis Llor\u00e9ns Torres","og_description":"Juana D\u00edaz, P.R. 1878 \u2013 San Juan, P.R 1944 Luis Llor\u00e9ns Torres Juana D\u00edaz, P.R. 1878 \u2013 San Juan, P.R 1944 https:\/\/youtu.be\/dGWq9KAkuXU?si=oluR6Qv_v2l9ReKF Poeta que rescat\u00f3 el paisaje y la vida&hellip;","og_url":"https:\/\/autografo.tv\/en\/luis-llorens-torres\/","og_site_name":"Aut\u00f3grafo TV","article_publisher":"https:\/\/www.facebook.com\/autografotv","article_modified_time":"2025-01-07T22:18:42+00:00","og_image":[{"width":1389,"height":1389,"url":"https:\/\/autografo.tv\/wp-content\/uploads\/2024\/05\/VIOLETALuisLlorensTorres.jpg","type":"image\/jpeg"}],"twitter_card":"summary_large_image","twitter_site":"@autografotv","twitter_misc":{"Est. reading time":"1 minute"},"schema":{"@context":"https:\/\/schema.org","@graph":[{"@type":"WebPage","@id":"https:\/\/autografo.tv\/luis-llorens-torres\/","url":"https:\/\/autografo.tv\/luis-llorens-torres\/","name":"Luis Llor\u00e9ns Torres - Aut\u00f3grafo TV","isPartOf":{"@id":"https:\/\/autografo.tv\/#website"},"primaryImageOfPage":{"@id":"https:\/\/autografo.tv\/luis-llorens-torres\/#primaryimage"},"image":{"@id":"https:\/\/autografo.tv\/luis-llorens-torres\/#primaryimage"},"thumbnailUrl":"https:\/\/autografo.tv\/wp-content\/uploads\/2024\/05\/VIOLETALuisLlorensTorres.jpg","datePublished":"2024-05-30T13:43:41+00:00","dateModified":"2025-01-07T22:18:42+00:00","breadcrumb":{"@id":"https:\/\/autografo.tv\/luis-llorens-torres\/#breadcrumb"},"inLanguage":"en-US","potentialAction":[{"@type":"ReadAction","target":["https:\/\/autografo.tv\/luis-llorens-torres\/"]}]},{"@type":"ImageObject","inLanguage":"en-US","@id":"https:\/\/autografo.tv\/luis-llorens-torres\/#primaryimage","url":"https:\/\/autografo.tv\/wp-content\/uploads\/2024\/05\/VIOLETALuisLlorensTorres.jpg","contentUrl":"https:\/\/autografo.tv\/wp-content\/uploads\/2024\/05\/VIOLETALuisLlorensTorres.jpg","width":1389,"height":1389},{"@type":"BreadcrumbList","@id":"https:\/\/autografo.tv\/luis-llorens-torres\/#breadcrumb","itemListElement":[{"@type":"ListItem","position":1,"name":"Portada","item":"https:\/\/autografo.tv\/"},{"@type":"ListItem","position":2,"name":"Luis Llor\u00e9ns Torres"}]},{"@type":"WebSite","@id":"https:\/\/autografo.tv\/#website","url":"https:\/\/autografo.tv\/","name":"Aut\u00f3grafo TV","description":"","publisher":{"@id":"https:\/\/autografo.tv\/#organization"},"potentialAction":[{"@type":"SearchAction","target":{"@type":"EntryPoint","urlTemplate":"https:\/\/autografo.tv\/?s={search_term_string}"},"query-input":{"@type":"PropertyValueSpecification","valueRequired":true,"valueName":"search_term_string"}}],"inLanguage":"en-US"},{"@type":"Organization","@id":"https:\/\/autografo.tv\/#organization","name":"Aut\u00f3grafo TV","url":"https:\/\/autografo.tv\/","logo":{"@type":"ImageObject","inLanguage":"en-US","@id":"https:\/\/autografo.tv\/#\/schema\/logo\/image\/","url":"https:\/\/autografo.tv\/wp-content\/uploads\/2025\/01\/cropped-favicon.png","contentUrl":"https:\/\/autografo.tv\/wp-content\/uploads\/2025\/01\/cropped-favicon.png","width":512,"height":512,"caption":"Aut\u00f3grafo TV"},"image":{"@id":"https:\/\/autografo.tv\/#\/schema\/logo\/image\/"},"sameAs":["https:\/\/www.facebook.com\/autografotv","https:\/\/x.com\/autografotv","https:\/\/www.instagram.com\/autografotv","https:\/\/www.youtube.com\/@autografotv"]}]}},"_links":{"self":[{"href":"https:\/\/autografo.tv\/en\/wp-json\/wp\/v2\/pages\/569","targetHints":{"allow":["GET"]}}],"collection":[{"href":"https:\/\/autografo.tv\/en\/wp-json\/wp\/v2\/pages"}],"about":[{"href":"https:\/\/autografo.tv\/en\/wp-json\/wp\/v2\/types\/page"}],"author":[{"embeddable":true,"href":"https:\/\/autografo.tv\/en\/wp-json\/wp\/v2\/users\/1"}],"replies":[{"embeddable":true,"href":"https:\/\/autografo.tv\/en\/wp-json\/wp\/v2\/comments?post=569"}],"version-history":[{"count":22,"href":"https:\/\/autografo.tv\/en\/wp-json\/wp\/v2\/pages\/569\/revisions"}],"predecessor-version":[{"id":4193,"href":"https:\/\/autografo.tv\/en\/wp-json\/wp\/v2\/pages\/569\/revisions\/4193"}],"wp:featuredmedia":[{"embeddable":true,"href":"https:\/\/autografo.tv\/en\/wp-json\/wp\/v2\/media\/571"}],"wp:attachment":[{"href":"https:\/\/autografo.tv\/en\/wp-json\/wp\/v2\/media?parent=569"}],"wp:term":[{"taxonomy":"category","embeddable":true,"href":"https:\/\/autografo.tv\/en\/wp-json\/wp\/v2\/categories?post=569"},{"taxonomy":"post_tag","embeddable":true,"href":"https:\/\/autografo.tv\/en\/wp-json\/wp\/v2\/tags?post=569"}],"curies":[{"name":"wp","href":"https:\/\/api.w.org\/{rel}","templated":true}]}}