{"id":447,"date":"2024-05-30T07:32:04","date_gmt":"2024-05-30T07:32:04","guid":{"rendered":"https:\/\/autografo.tv\/?page_id=447"},"modified":"2025-01-07T20:07:58","modified_gmt":"2025-01-08T00:07:58","slug":"carlos-m-benitez","status":"publish","type":"page","link":"https:\/\/autografo.tv\/en\/carlos-m-benitez\/","title":{"rendered":"Carlos M. Ben\u00edtez"},"content":{"rendered":"<div data-elementor-type=\"wp-page\" data-elementor-id=\"447\" class=\"elementor elementor-447\" data-elementor-post-type=\"page\">\n\t\t\t\t\t\t<section class=\"elementor-section elementor-top-section elementor-element elementor-element-71e7964 elementor-section-full_width elementor-section-height-default elementor-section-height-default sc_fly_static\" data-id=\"71e7964\" data-element_type=\"section\" data-e-type=\"section\" data-settings=\"{&quot;background_background&quot;:&quot;classic&quot;}\">\n\t\t\t\t\t\t\t<div class=\"elementor-background-overlay\"><\/div>\n\t\t\t\t\t\t\t<div class=\"elementor-container elementor-column-gap-extended\">\n\t\t\t\t\t<div class=\"elementor-column elementor-col-100 elementor-top-column elementor-element elementor-element-b79cb7e sc_content_align_inherit sc_layouts_column_icons_position_left sc_fly_static\" data-id=\"b79cb7e\" data-element_type=\"column\" data-e-type=\"column\">\n\t\t\t<div class=\"elementor-widget-wrap elementor-element-populated\">\n\t\t\t\t\t\t<div class=\"elementor-element elementor-element-2689bbc elementor--v-position-bottom elementor-widget__width-inherit elementor--h-position-center elementor-arrows-position-inside elementor-pagination-position-inside sc_fly_static elementor-widget elementor-widget-slides\" data-id=\"2689bbc\" data-element_type=\"widget\" data-e-type=\"widget\" data-settings=\"{&quot;navigation&quot;:&quot;both&quot;,&quot;autoplay&quot;:&quot;yes&quot;,&quot;pause_on_hover&quot;:&quot;yes&quot;,&quot;pause_on_interaction&quot;:&quot;yes&quot;,&quot;autoplay_speed&quot;:5000,&quot;infinite&quot;:&quot;yes&quot;,&quot;transition&quot;:&quot;slide&quot;,&quot;transition_speed&quot;:500}\" data-widget_type=\"slides.default\">\n\t\t\t\t<div class=\"elementor-widget-container\">\n\t\t\t\t\t\t\t\t\t<div class=\"elementor-swiper\">\n\t\t\t\t\t<div class=\"elementor-slides-wrapper elementor-main-swiper swiper\" role=\"region\" aria-roledescription=\"carousel\" aria-label=\"image\" dir=\"ltr\" data-animation=\"fadeInUp\">\n\t\t\t\t<div class=\"swiper-wrapper elementor-slides\">\n\t\t\t\t\t\t\t\t\t\t<div class=\"elementor-repeater-item-c8a794e swiper-slide\" role=\"group\" aria-roledescription=\"slide\"><div class=\"swiper-slide-bg\"><\/div><div class=\"swiper-slide-inner\" ><div class=\"swiper-slide-contents\"><div class=\"elementor-slide-description\">Vieques, PR ,1922 \u2013 San Juan, PR, 1995<\/div><\/div><\/div><\/div>\t\t\t\t<\/div>\n\t\t\t\t\t\t\t<\/div>\n\t\t\t\t<\/div>\n\t\t\t\t\t\t\t\t<\/div>\n\t\t\t\t<\/div>\n\t\t\t\t\t<\/div>\n\t\t<\/div>\n\t\t\t\t\t<\/div>\n\t\t<\/section>\n\t\t<div class=\"elementor-element elementor-element-9fd6b92 e-flex e-con-boxed sc_layouts_column_icons_position_left e-con e-parent\" data-id=\"9fd6b92\" data-element_type=\"container\" data-e-type=\"container\">\n\t\t\t\t\t<div class=\"e-con-inner\">\n\t\t<div class=\"elementor-element elementor-element-6a59fee e-con-full e-flex sc_layouts_column_icons_position_left e-con e-child\" data-id=\"6a59fee\" data-element_type=\"container\" data-e-type=\"container\">\n\t\t\t\t<div class=\"elementor-element elementor-element-b7fd2da sc_fly_static elementor-widget elementor-widget-theme-post-featured-image elementor-widget-image\" data-id=\"b7fd2da\" data-element_type=\"widget\" data-e-type=\"widget\" data-widget_type=\"theme-post-featured-image.default\">\n\t\t\t\t<div class=\"elementor-widget-container\">\n\t\t\t\t\t\t\t\t\t\t\t\t\t\t\t<img fetchpriority=\"high\" decoding=\"async\" width=\"1024\" height=\"1024\" src=\"https:\/\/autografo.tv\/wp-content\/uploads\/2024\/05\/SQUARECarlosMBenitez-1024x1024.jpg\" class=\"attachment-large size-large wp-image-431\" alt=\"\" srcset=\"https:\/\/autografo.tv\/wp-content\/uploads\/2024\/05\/SQUARECarlosMBenitez-1024x1024.jpg 1024w, https:\/\/autografo.tv\/wp-content\/uploads\/2024\/05\/SQUARECarlosMBenitez-300x300.jpg 300w, https:\/\/autografo.tv\/wp-content\/uploads\/2024\/05\/SQUARECarlosMBenitez-150x150.jpg 150w, https:\/\/autografo.tv\/wp-content\/uploads\/2024\/05\/SQUARECarlosMBenitez-768x768.jpg 768w, https:\/\/autografo.tv\/wp-content\/uploads\/2024\/05\/SQUARECarlosMBenitez.jpg 1389w\" sizes=\"(max-width: 1024px) 100vw, 1024px\" \/>\t\t\t\t\t\t\t\t\t\t\t\t\t\t\t<\/div>\n\t\t\t\t<\/div>\n\t\t\t\t<div class=\"elementor-element elementor-element-062aa24 sc_fly_static elementor-widget elementor-widget-heading\" data-id=\"062aa24\" data-element_type=\"widget\" data-e-type=\"widget\" data-widget_type=\"heading.default\">\n\t\t\t\t<div class=\"elementor-widget-container\">\n\t\t\t\t\t<h1 class=\"elementor-heading-title elementor-size-default\">Carlos M. Ben\u00edtez<\/h1>\t\t\t\t<\/div>\n\t\t\t\t<\/div>\n\t\t\t\t<div class=\"elementor-element elementor-element-a5fdeff sc_fly_static elementor-widget elementor-widget-heading\" data-id=\"a5fdeff\" data-element_type=\"widget\" data-e-type=\"widget\" data-widget_type=\"heading.default\">\n\t\t\t\t<div class=\"elementor-widget-container\">\n\t\t\t\t\t<p class=\"elementor-heading-title elementor-size-default\">Vieques, PR ,1922 \u2013 San Juan, PR, 1995<\/p>\t\t\t\t<\/div>\n\t\t\t\t<\/div>\n\t\t\t\t<\/div>\n\t\t<div class=\"elementor-element elementor-element-f3cc0d9 e-con-full e-flex sc_layouts_column_icons_position_left e-con e-child\" data-id=\"f3cc0d9\" data-element_type=\"container\" data-e-type=\"container\">\n\t\t\t\t<div class=\"elementor-element elementor-element-d3ce111 sc_fly_static elementor-widget elementor-widget-video\" data-id=\"d3ce111\" data-element_type=\"widget\" data-e-type=\"widget\" data-settings=\"{&quot;youtube_url&quot;:&quot;https:\\\/\\\/youtu.be\\\/KDUbkxQbhOI?si=OAhQVuSZZD_CkvRT&quot;,&quot;autoplay&quot;:&quot;yes&quot;,&quot;mute&quot;:&quot;yes&quot;,&quot;video_type&quot;:&quot;youtube&quot;,&quot;controls&quot;:&quot;yes&quot;}\" data-widget_type=\"video.default\">\n\t\t\t\t<div class=\"elementor-widget-container\">\n\t\t\t\t\t\t\t<div class=\"elementor-wrapper elementor-open-inline\">\n\t\t\t<div class=\"elementor-video\"><\/div>\t\t<\/div>\n\t\t\t\t\t\t<\/div>\n\t\t\t\t<\/div>\n\t\t\t\t<div class=\"elementor-element elementor-element-f3cbfa4 sc_fly_static elementor-widget elementor-widget-text-editor\" data-id=\"f3cbfa4\" data-element_type=\"widget\" data-e-type=\"widget\" data-widget_type=\"text-editor.default\">\n\t\t\t\t<div class=\"elementor-widget-container\">\n\t\t\t\t\t\t\t\t\t<p>Modelo del empresario visionario. L\u00edder en la industria del seguro en Puerto Rico y Florida. Form\u00f3 parte del grupo de empresarios que foment\u00f3 la modernizaci\u00f3n econ\u00f3mica de Puerto Rico. Reconoci\u00f3 y aprovech\u00f3 las oportunidades financieras que ofrecieron los a\u00f1os posteriores a la Segunda Guerra Mundial para fortalecer el capital puertorrique\u00f1o. A trav\u00e9s de ellas, contribuy\u00f3 a la diversificaci\u00f3n del negocio y a la creaci\u00f3n de empresas locales de seguro.<\/p>\t\t\t\t\t\t\t\t<\/div>\n\t\t\t\t<\/div>\n\t\t\t\t<div class=\"elementor-element elementor-element-c883f7d sc_fly_static elementor-widget elementor-widget-text-editor\" data-id=\"c883f7d\" data-element_type=\"widget\" data-e-type=\"widget\" data-widget_type=\"text-editor.default\">\n\t\t\t\t<div class=\"elementor-widget-container\">\n\t\t\t\t\t\t\t\t\t<p>Insurance industry magnate in Puerto Rico and the state of Florida. Model of a visionary entrepreneur. He belonged to a group of businessmen who contributed to the economic modernization of Puerto Rico. He recognized and took advantage of the financial opportunities offered in the wake of World War II to increase the value of Puerto Rican capital. Through these, he contributed to the diversification of business and the creation of local insurance companies.<\/p>\t\t\t\t\t\t\t\t<\/div>\n\t\t\t\t<\/div>\n\t\t\t\t<div class=\"elementor-element elementor-element-9bee1fe sc_fly_static elementor-widget elementor-widget-video\" data-id=\"9bee1fe\" data-element_type=\"widget\" data-e-type=\"widget\" data-settings=\"{&quot;youtube_url&quot;:&quot;https:\\\/\\\/www.youtube.com\\\/watch?v=uQDF2DejFrA&amp;list=PLNDMQFaJY_EEGwfSDCt_fRKTkNbBgsvqr&amp;index=31&quot;,&quot;video_type&quot;:&quot;youtube&quot;,&quot;controls&quot;:&quot;yes&quot;}\" data-widget_type=\"video.default\">\n\t\t\t\t<div class=\"elementor-widget-container\">\n\t\t\t\t\t\t\t<div class=\"elementor-wrapper elementor-open-inline\">\n\t\t\t<div class=\"elementor-video\"><\/div>\t\t<\/div>\n\t\t\t\t\t\t<\/div>\n\t\t\t\t<\/div>\n\t\t\t\t<\/div>\n\t\t\t\t\t<\/div>\n\t\t\t\t<\/div>\n\t\t\t\t<\/div>","protected":false},"excerpt":{"rendered":"<p>Vieques, PR ,1922 \u2013 San Juan, PR, 1995 Carlos M. Ben\u00edtez Vieques, PR ,1922 \u2013 San Juan, PR, 1995 https:\/\/youtu.be\/KDUbkxQbhOI?si=OAhQVuSZZD_CkvRT Modelo del empresario visionario. L\u00edder en la industria del seguro&hellip;<\/p>","protected":false},"author":1,"featured_media":431,"parent":0,"menu_order":0,"comment_status":"closed","ping_status":"closed","template":"elementor_header_footer","meta":{"_acf_changed":false,"_coblocks_attr":"","_coblocks_dimensions":"","_coblocks_responsive_height":"","_coblocks_accordion_ie_support":"","footnotes":""},"categories":[21],"tags":[20],"class_list":["post-447","page","type-page","status-publish","has-post-thumbnail","hentry","category-empresario","tag-20"],"acf":[],"yoast_head":"<!-- This site is optimized with the Yoast SEO Premium plugin v23.4 (Yoast SEO v27.5) - https:\/\/yoast.com\/product\/yoast-seo-premium-wordpress\/ -->\n<title>Carlos M. Ben\u00edtez - Aut\u00f3grafo TV<\/title>\n<meta name=\"robots\" content=\"index, follow, max-snippet:-1, max-image-preview:large, max-video-preview:-1\" \/>\n<link rel=\"canonical\" href=\"https:\/\/autografo.tv\/en\/carlos-m-benitez\/\" \/>\n<meta property=\"og:locale\" content=\"en_US\" \/>\n<meta property=\"og:type\" content=\"article\" \/>\n<meta property=\"og:title\" content=\"Carlos M. Ben\u00edtez\" \/>\n<meta property=\"og:description\" content=\"Vieques, PR ,1922 \u2013 San Juan, PR, 1995 Carlos M. Ben\u00edtez Vieques, PR ,1922 \u2013 San Juan, PR, 1995 https:\/\/youtu.be\/KDUbkxQbhOI?si=OAhQVuSZZD_CkvRT Modelo del empresario visionario. L\u00edder en la industria del seguro&hellip;\" \/>\n<meta property=\"og:url\" content=\"https:\/\/autografo.tv\/en\/carlos-m-benitez\/\" \/>\n<meta property=\"og:site_name\" content=\"Aut\u00f3grafo TV\" \/>\n<meta property=\"article:publisher\" content=\"https:\/\/www.facebook.com\/autografotv\" \/>\n<meta property=\"article:modified_time\" content=\"2025-01-08T00:07:58+00:00\" \/>\n<meta property=\"og:image\" content=\"https:\/\/autografo.tv\/wp-content\/uploads\/2024\/05\/SQUARECarlosMBenitez.jpg\" \/>\n\t<meta property=\"og:image:width\" content=\"1389\" \/>\n\t<meta property=\"og:image:height\" content=\"1389\" \/>\n\t<meta property=\"og:image:type\" content=\"image\/jpeg\" \/>\n<meta name=\"twitter:card\" content=\"summary_large_image\" \/>\n<meta name=\"twitter:site\" content=\"@autografotv\" \/>\n<meta name=\"twitter:label1\" content=\"Est. reading time\" \/>\n\t<meta name=\"twitter:data1\" content=\"1 minute\" \/>\n<script type=\"application\/ld+json\" class=\"yoast-schema-graph\">{\"@context\":\"https:\\\/\\\/schema.org\",\"@graph\":[{\"@type\":\"WebPage\",\"@id\":\"https:\\\/\\\/autografo.tv\\\/carlos-m-benitez\\\/\",\"url\":\"https:\\\/\\\/autografo.tv\\\/carlos-m-benitez\\\/\",\"name\":\"Carlos M. Ben\u00edtez - Aut\u00f3grafo TV\",\"isPartOf\":{\"@id\":\"https:\\\/\\\/autografo.tv\\\/#website\"},\"primaryImageOfPage\":{\"@id\":\"https:\\\/\\\/autografo.tv\\\/carlos-m-benitez\\\/#primaryimage\"},\"image\":{\"@id\":\"https:\\\/\\\/autografo.tv\\\/carlos-m-benitez\\\/#primaryimage\"},\"thumbnailUrl\":\"https:\\\/\\\/autografo.tv\\\/wp-content\\\/uploads\\\/2024\\\/05\\\/SQUARECarlosMBenitez.jpg\",\"datePublished\":\"2024-05-30T07:32:04+00:00\",\"dateModified\":\"2025-01-08T00:07:58+00:00\",\"breadcrumb\":{\"@id\":\"https:\\\/\\\/autografo.tv\\\/carlos-m-benitez\\\/#breadcrumb\"},\"inLanguage\":\"en-US\",\"potentialAction\":[{\"@type\":\"ReadAction\",\"target\":[\"https:\\\/\\\/autografo.tv\\\/carlos-m-benitez\\\/\"]}]},{\"@type\":\"ImageObject\",\"inLanguage\":\"en-US\",\"@id\":\"https:\\\/\\\/autografo.tv\\\/carlos-m-benitez\\\/#primaryimage\",\"url\":\"https:\\\/\\\/autografo.tv\\\/wp-content\\\/uploads\\\/2024\\\/05\\\/SQUARECarlosMBenitez.jpg\",\"contentUrl\":\"https:\\\/\\\/autografo.tv\\\/wp-content\\\/uploads\\\/2024\\\/05\\\/SQUARECarlosMBenitez.jpg\",\"width\":1389,\"height\":1389},{\"@type\":\"BreadcrumbList\",\"@id\":\"https:\\\/\\\/autografo.tv\\\/carlos-m-benitez\\\/#breadcrumb\",\"itemListElement\":[{\"@type\":\"ListItem\",\"position\":1,\"name\":\"Portada\",\"item\":\"https:\\\/\\\/autografo.tv\\\/\"},{\"@type\":\"ListItem\",\"position\":2,\"name\":\"Carlos M. Ben\u00edtez\"}]},{\"@type\":\"WebSite\",\"@id\":\"https:\\\/\\\/autografo.tv\\\/#website\",\"url\":\"https:\\\/\\\/autografo.tv\\\/\",\"name\":\"Aut\u00f3grafo TV\",\"description\":\"\",\"publisher\":{\"@id\":\"https:\\\/\\\/autografo.tv\\\/#organization\"},\"potentialAction\":[{\"@type\":\"SearchAction\",\"target\":{\"@type\":\"EntryPoint\",\"urlTemplate\":\"https:\\\/\\\/autografo.tv\\\/?s={search_term_string}\"},\"query-input\":{\"@type\":\"PropertyValueSpecification\",\"valueRequired\":true,\"valueName\":\"search_term_string\"}}],\"inLanguage\":\"en-US\"},{\"@type\":\"Organization\",\"@id\":\"https:\\\/\\\/autografo.tv\\\/#organization\",\"name\":\"Aut\u00f3grafo TV\",\"url\":\"https:\\\/\\\/autografo.tv\\\/\",\"logo\":{\"@type\":\"ImageObject\",\"inLanguage\":\"en-US\",\"@id\":\"https:\\\/\\\/autografo.tv\\\/#\\\/schema\\\/logo\\\/image\\\/\",\"url\":\"https:\\\/\\\/autografo.tv\\\/wp-content\\\/uploads\\\/2025\\\/01\\\/cropped-favicon.png\",\"contentUrl\":\"https:\\\/\\\/autografo.tv\\\/wp-content\\\/uploads\\\/2025\\\/01\\\/cropped-favicon.png\",\"width\":512,\"height\":512,\"caption\":\"Aut\u00f3grafo TV\"},\"image\":{\"@id\":\"https:\\\/\\\/autografo.tv\\\/#\\\/schema\\\/logo\\\/image\\\/\"},\"sameAs\":[\"https:\\\/\\\/www.facebook.com\\\/autografotv\",\"https:\\\/\\\/x.com\\\/autografotv\",\"https:\\\/\\\/www.instagram.com\\\/autografotv\",\"https:\\\/\\\/www.youtube.com\\\/@autografotv\"]}]}<\/script>\n<!-- \/ Yoast SEO Premium plugin. -->","yoast_head_json":{"title":"Carlos M. Ben\u00edtez - Aut\u00f3grafo TV","robots":{"index":"index","follow":"follow","max-snippet":"max-snippet:-1","max-image-preview":"max-image-preview:large","max-video-preview":"max-video-preview:-1"},"canonical":"https:\/\/autografo.tv\/en\/carlos-m-benitez\/","og_locale":"en_US","og_type":"article","og_title":"Carlos M. Ben\u00edtez","og_description":"Vieques, PR ,1922 \u2013 San Juan, PR, 1995 Carlos M. Ben\u00edtez Vieques, PR ,1922 \u2013 San Juan, PR, 1995 https:\/\/youtu.be\/KDUbkxQbhOI?si=OAhQVuSZZD_CkvRT Modelo del empresario visionario. L\u00edder en la industria del seguro&hellip;","og_url":"https:\/\/autografo.tv\/en\/carlos-m-benitez\/","og_site_name":"Aut\u00f3grafo TV","article_publisher":"https:\/\/www.facebook.com\/autografotv","article_modified_time":"2025-01-08T00:07:58+00:00","og_image":[{"width":1389,"height":1389,"url":"https:\/\/autografo.tv\/wp-content\/uploads\/2024\/05\/SQUARECarlosMBenitez.jpg","type":"image\/jpeg"}],"twitter_card":"summary_large_image","twitter_site":"@autografotv","twitter_misc":{"Est. reading time":"1 minute"},"schema":{"@context":"https:\/\/schema.org","@graph":[{"@type":"WebPage","@id":"https:\/\/autografo.tv\/carlos-m-benitez\/","url":"https:\/\/autografo.tv\/carlos-m-benitez\/","name":"Carlos M. Ben\u00edtez - Aut\u00f3grafo TV","isPartOf":{"@id":"https:\/\/autografo.tv\/#website"},"primaryImageOfPage":{"@id":"https:\/\/autografo.tv\/carlos-m-benitez\/#primaryimage"},"image":{"@id":"https:\/\/autografo.tv\/carlos-m-benitez\/#primaryimage"},"thumbnailUrl":"https:\/\/autografo.tv\/wp-content\/uploads\/2024\/05\/SQUARECarlosMBenitez.jpg","datePublished":"2024-05-30T07:32:04+00:00","dateModified":"2025-01-08T00:07:58+00:00","breadcrumb":{"@id":"https:\/\/autografo.tv\/carlos-m-benitez\/#breadcrumb"},"inLanguage":"en-US","potentialAction":[{"@type":"ReadAction","target":["https:\/\/autografo.tv\/carlos-m-benitez\/"]}]},{"@type":"ImageObject","inLanguage":"en-US","@id":"https:\/\/autografo.tv\/carlos-m-benitez\/#primaryimage","url":"https:\/\/autografo.tv\/wp-content\/uploads\/2024\/05\/SQUARECarlosMBenitez.jpg","contentUrl":"https:\/\/autografo.tv\/wp-content\/uploads\/2024\/05\/SQUARECarlosMBenitez.jpg","width":1389,"height":1389},{"@type":"BreadcrumbList","@id":"https:\/\/autografo.tv\/carlos-m-benitez\/#breadcrumb","itemListElement":[{"@type":"ListItem","position":1,"name":"Portada","item":"https:\/\/autografo.tv\/"},{"@type":"ListItem","position":2,"name":"Carlos M. Ben\u00edtez"}]},{"@type":"WebSite","@id":"https:\/\/autografo.tv\/#website","url":"https:\/\/autografo.tv\/","name":"Aut\u00f3grafo TV","description":"","publisher":{"@id":"https:\/\/autografo.tv\/#organization"},"potentialAction":[{"@type":"SearchAction","target":{"@type":"EntryPoint","urlTemplate":"https:\/\/autografo.tv\/?s={search_term_string}"},"query-input":{"@type":"PropertyValueSpecification","valueRequired":true,"valueName":"search_term_string"}}],"inLanguage":"en-US"},{"@type":"Organization","@id":"https:\/\/autografo.tv\/#organization","name":"Aut\u00f3grafo TV","url":"https:\/\/autografo.tv\/","logo":{"@type":"ImageObject","inLanguage":"en-US","@id":"https:\/\/autografo.tv\/#\/schema\/logo\/image\/","url":"https:\/\/autografo.tv\/wp-content\/uploads\/2025\/01\/cropped-favicon.png","contentUrl":"https:\/\/autografo.tv\/wp-content\/uploads\/2025\/01\/cropped-favicon.png","width":512,"height":512,"caption":"Aut\u00f3grafo TV"},"image":{"@id":"https:\/\/autografo.tv\/#\/schema\/logo\/image\/"},"sameAs":["https:\/\/www.facebook.com\/autografotv","https:\/\/x.com\/autografotv","https:\/\/www.instagram.com\/autografotv","https:\/\/www.youtube.com\/@autografotv"]}]}},"_links":{"self":[{"href":"https:\/\/autografo.tv\/en\/wp-json\/wp\/v2\/pages\/447","targetHints":{"allow":["GET"]}}],"collection":[{"href":"https:\/\/autografo.tv\/en\/wp-json\/wp\/v2\/pages"}],"about":[{"href":"https:\/\/autografo.tv\/en\/wp-json\/wp\/v2\/types\/page"}],"author":[{"embeddable":true,"href":"https:\/\/autografo.tv\/en\/wp-json\/wp\/v2\/users\/1"}],"replies":[{"embeddable":true,"href":"https:\/\/autografo.tv\/en\/wp-json\/wp\/v2\/comments?post=447"}],"version-history":[{"count":28,"href":"https:\/\/autografo.tv\/en\/wp-json\/wp\/v2\/pages\/447\/revisions"}],"predecessor-version":[{"id":4257,"href":"https:\/\/autografo.tv\/en\/wp-json\/wp\/v2\/pages\/447\/revisions\/4257"}],"wp:featuredmedia":[{"embeddable":true,"href":"https:\/\/autografo.tv\/en\/wp-json\/wp\/v2\/media\/431"}],"wp:attachment":[{"href":"https:\/\/autografo.tv\/en\/wp-json\/wp\/v2\/media?parent=447"}],"wp:term":[{"taxonomy":"category","embeddable":true,"href":"https:\/\/autografo.tv\/en\/wp-json\/wp\/v2\/categories?post=447"},{"taxonomy":"post_tag","embeddable":true,"href":"https:\/\/autografo.tv\/en\/wp-json\/wp\/v2\/tags?post=447"}],"curies":[{"name":"wp","href":"https:\/\/api.w.org\/{rel}","templated":true}]}}