{"id":437,"date":"2024-05-30T07:23:37","date_gmt":"2024-05-30T07:23:37","guid":{"rendered":"https:\/\/autografo.tv\/?page_id=437"},"modified":"2025-03-14T12:28:53","modified_gmt":"2025-03-14T16:28:53","slug":"bernardo-vega","status":"publish","type":"page","link":"https:\/\/autografo.tv\/en\/bernardo-vega\/","title":{"rendered":"Bernardo Vega"},"content":{"rendered":"<div data-elementor-type=\"wp-page\" data-elementor-id=\"437\" class=\"elementor elementor-437\" data-elementor-post-type=\"page\">\n\t\t\t\t\t\t<section class=\"elementor-section elementor-top-section elementor-element elementor-element-8522601 elementor-section-full_width elementor-section-height-default elementor-section-height-default sc_fly_static\" data-id=\"8522601\" data-element_type=\"section\" data-e-type=\"section\" data-settings=\"{&quot;background_background&quot;:&quot;classic&quot;}\">\n\t\t\t\t\t\t\t<div class=\"elementor-background-overlay\"><\/div>\n\t\t\t\t\t\t\t<div class=\"elementor-container elementor-column-gap-extended\">\n\t\t\t\t\t<div class=\"elementor-column elementor-col-100 elementor-top-column elementor-element elementor-element-7601a42 sc_content_align_inherit sc_layouts_column_icons_position_left sc_fly_static\" data-id=\"7601a42\" data-element_type=\"column\" data-e-type=\"column\">\n\t\t\t<div class=\"elementor-widget-wrap elementor-element-populated\">\n\t\t\t\t\t\t<div class=\"elementor-element elementor-element-2c9de7b elementor--v-position-bottom elementor-widget__width-inherit elementor--h-position-center elementor-arrows-position-inside elementor-pagination-position-inside sc_fly_static elementor-widget elementor-widget-slides\" data-id=\"2c9de7b\" data-element_type=\"widget\" data-e-type=\"widget\" data-settings=\"{&quot;navigation&quot;:&quot;both&quot;,&quot;autoplay&quot;:&quot;yes&quot;,&quot;pause_on_hover&quot;:&quot;yes&quot;,&quot;pause_on_interaction&quot;:&quot;yes&quot;,&quot;autoplay_speed&quot;:5000,&quot;infinite&quot;:&quot;yes&quot;,&quot;transition&quot;:&quot;slide&quot;,&quot;transition_speed&quot;:500}\" data-widget_type=\"slides.default\">\n\t\t\t\t<div class=\"elementor-widget-container\">\n\t\t\t\t\t\t\t\t\t<div class=\"elementor-swiper\">\n\t\t\t\t\t<div class=\"elementor-slides-wrapper elementor-main-swiper swiper\" role=\"region\" aria-roledescription=\"carousel\" aria-label=\"image\" dir=\"ltr\" data-animation=\"fadeInUp\">\n\t\t\t\t<div class=\"swiper-wrapper elementor-slides\">\n\t\t\t\t\t\t\t\t\t\t<div class=\"elementor-repeater-item-c8a794e swiper-slide\" role=\"group\" aria-roledescription=\"slide\"><div class=\"swiper-slide-bg\"><\/div><div class=\"swiper-slide-inner\" ><div class=\"swiper-slide-contents\"><div class=\"elementor-slide-description\">Cayey, PR, 1885 \u2013 San Juan, PR, 1965<\/div><\/div><\/div><\/div>\t\t\t\t<\/div>\n\t\t\t\t\t\t\t<\/div>\n\t\t\t\t<\/div>\n\t\t\t\t\t\t\t\t<\/div>\n\t\t\t\t<\/div>\n\t\t\t\t\t<\/div>\n\t\t<\/div>\n\t\t\t\t\t<\/div>\n\t\t<\/section>\n\t\t<div class=\"elementor-element elementor-element-2bf9a8d e-flex e-con-boxed sc_layouts_column_icons_position_left e-con e-parent\" data-id=\"2bf9a8d\" data-element_type=\"container\" data-e-type=\"container\">\n\t\t\t\t\t<div class=\"e-con-inner\">\n\t\t<div class=\"elementor-element elementor-element-00993eb e-con-full e-flex sc_layouts_column_icons_position_left e-con e-child\" data-id=\"00993eb\" data-element_type=\"container\" data-e-type=\"container\">\n\t\t\t\t<div class=\"elementor-element elementor-element-e1a5efc sc_fly_static elementor-widget elementor-widget-theme-post-featured-image elementor-widget-image\" data-id=\"e1a5efc\" data-element_type=\"widget\" data-e-type=\"widget\" data-widget_type=\"theme-post-featured-image.default\">\n\t\t\t\t<div class=\"elementor-widget-container\">\n\t\t\t\t\t\t\t\t\t\t\t\t\t\t\t<img fetchpriority=\"high\" decoding=\"async\" width=\"1024\" height=\"1024\" src=\"https:\/\/autografo.tv\/wp-content\/uploads\/2024\/05\/SQUAREBernardoVega-1024x1024.jpg\" class=\"attachment-large size-large wp-image-433\" alt=\"\" srcset=\"https:\/\/autografo.tv\/wp-content\/uploads\/2024\/05\/SQUAREBernardoVega-1024x1024.jpg 1024w, https:\/\/autografo.tv\/wp-content\/uploads\/2024\/05\/SQUAREBernardoVega-300x300.jpg 300w, https:\/\/autografo.tv\/wp-content\/uploads\/2024\/05\/SQUAREBernardoVega-150x150.jpg 150w, https:\/\/autografo.tv\/wp-content\/uploads\/2024\/05\/SQUAREBernardoVega-768x768.jpg 768w, https:\/\/autografo.tv\/wp-content\/uploads\/2024\/05\/SQUAREBernardoVega.jpg 1389w\" sizes=\"(max-width: 1024px) 100vw, 1024px\" \/>\t\t\t\t\t\t\t\t\t\t\t\t\t\t\t<\/div>\n\t\t\t\t<\/div>\n\t\t\t\t<div class=\"elementor-element elementor-element-a8fef49 sc_fly_static elementor-widget elementor-widget-heading\" data-id=\"a8fef49\" data-element_type=\"widget\" data-e-type=\"widget\" data-widget_type=\"heading.default\">\n\t\t\t\t<div class=\"elementor-widget-container\">\n\t\t\t\t\t<h1 class=\"elementor-heading-title elementor-size-default\">Bernardo Vega<\/h1>\t\t\t\t<\/div>\n\t\t\t\t<\/div>\n\t\t\t\t<div class=\"elementor-element elementor-element-bcf3cde sc_fly_static elementor-widget elementor-widget-heading\" data-id=\"bcf3cde\" data-element_type=\"widget\" data-e-type=\"widget\" data-widget_type=\"heading.default\">\n\t\t\t\t<div class=\"elementor-widget-container\">\n\t\t\t\t\t<p class=\"elementor-heading-title elementor-size-default\">Cayey, PR, 1885 \u2013 San Juan, PR, 1965<\/p>\t\t\t\t<\/div>\n\t\t\t\t<\/div>\n\t\t\t\t<\/div>\n\t\t<div class=\"elementor-element elementor-element-4c0f658 e-con-full e-flex sc_layouts_column_icons_position_left e-con e-child\" data-id=\"4c0f658\" data-element_type=\"container\" data-e-type=\"container\">\n\t\t\t\t<div class=\"elementor-element elementor-element-6666666 sc_fly_static elementor-widget elementor-widget-text-editor\" data-id=\"6666666\" data-element_type=\"widget\" data-e-type=\"widget\" data-widget_type=\"text-editor.default\">\n\t\t\t\t<div class=\"elementor-widget-container\">\n\t\t\t\t\t\t\t\t\t<p><iframe title=\"Ca\u0301psula Bernardo Vega ATV\" width=\"1290\" height=\"968\" src=\"https:\/\/www.youtube.com\/embed\/kCrGrSYXxwo?feature=oembed\" frameborder=\"0\" allow=\"accelerometer; autoplay; clipboard-write; encrypted-media; gyroscope; picture-in-picture; web-share\" referrerpolicy=\"strict-origin-when-cross-origin\" allowfullscreen><\/iframe><\/p><p>Trabajador ilustrado del tabaco, que por medio de organizaciones comunitarias y sindicatos promovi\u00f3 el bienestar econ\u00f3mico, pol\u00edtico y social de los trabajadores hispanos en Nueva York. La publicaci\u00f3n, en 1977, de las Memorias de Bernardo Vega, trajo a discusi\u00f3n aspectos olvidados del devenir de Puerto Rico y el Caribe, desde la perspectiva de una de las emigraciones humanas m\u00e1s grandes del siglo XX: la di\u00e1spora de puertorrique\u00f1os a los Estados Unidos. Durante su estad\u00eda en Nueva York, se dedic\u00f3 a rescatar, preservar y difundir las vidas de pr\u00f3ceres hispanos.<\/p><p>Educated tobacco worker, who, through community organizations and worker\u2019s unions, promoted the economic, political, and social welfare of Hispanic workers in New York. The publication of Bernardo Vega\u2019s Memoirs, in 1977, created a discussion about forgotten aspects of Puerto Rican and Caribbean history, from the perspective of one of the greatest human migrations of the 20th century: the Puerto Rican diaspora to the United States. During his stay in New York, he was dedicated to rescuing, preserving, and publicizing the lives of Hispanic national heroes.<\/p><p><iframe title=\"Auto\u0301grafo Bernardo Vega\" width=\"1290\" height=\"968\" src=\"https:\/\/www.youtube.com\/embed\/Sy3kQJbqwIY?feature=oembed\" frameborder=\"0\" allow=\"accelerometer; autoplay; clipboard-write; encrypted-media; gyroscope; picture-in-picture; web-share\" referrerpolicy=\"strict-origin-when-cross-origin\" allowfullscreen><\/iframe><\/p>\t\t\t\t\t\t\t\t<\/div>\n\t\t\t\t<\/div>\n\t\t\t\t<\/div>\n\t\t\t\t\t<\/div>\n\t\t\t\t<\/div>\n\t\t\t\t<\/div>","protected":false},"excerpt":{"rendered":"<p>Cayey, PR, 1885 \u2013 San Juan, PR, 1965 Cayey, PR, 1885 \u2013 San Juan, PR, 1965 Trabajador ilustrado del tabaco, que por medio de organizaciones comunitarias y sindicatos promovi\u00f3 el&hellip;<\/p>","protected":false},"author":1,"featured_media":433,"parent":0,"menu_order":0,"comment_status":"closed","ping_status":"closed","template":"","meta":{"_acf_changed":false,"_coblocks_attr":"","_coblocks_dimensions":"","_coblocks_responsive_height":"","_coblocks_accordion_ie_support":"","footnotes":""},"categories":[61,60],"tags":[18],"class_list":["post-437","page","type-page","status-publish","has-post-thumbnail","hentry","category-lider-obrero","category-periodista","tag-18"],"acf":[],"yoast_head":"<!-- This site is optimized with the Yoast SEO Premium plugin v23.4 (Yoast SEO v27.5) - https:\/\/yoast.com\/product\/yoast-seo-premium-wordpress\/ -->\n<title>Bernardo Vega - Aut\u00f3grafo TV<\/title>\n<meta name=\"robots\" content=\"index, follow, max-snippet:-1, max-image-preview:large, max-video-preview:-1\" \/>\n<link rel=\"canonical\" href=\"https:\/\/autografo.tv\/en\/bernardo-vega\/\" \/>\n<meta property=\"og:locale\" content=\"en_US\" \/>\n<meta property=\"og:type\" content=\"article\" \/>\n<meta property=\"og:title\" content=\"Bernardo Vega\" \/>\n<meta property=\"og:description\" content=\"Cayey, PR, 1885 \u2013 San Juan, PR, 1965 Cayey, PR, 1885 \u2013 San Juan, PR, 1965 Trabajador ilustrado del tabaco, que por medio de organizaciones comunitarias y sindicatos promovi\u00f3 el&hellip;\" \/>\n<meta property=\"og:url\" content=\"https:\/\/autografo.tv\/en\/bernardo-vega\/\" \/>\n<meta property=\"og:site_name\" content=\"Aut\u00f3grafo TV\" \/>\n<meta property=\"article:publisher\" content=\"https:\/\/www.facebook.com\/autografotv\" \/>\n<meta property=\"article:modified_time\" content=\"2025-03-14T16:28:53+00:00\" \/>\n<meta property=\"og:image\" content=\"https:\/\/autografo.tv\/wp-content\/uploads\/2024\/05\/SQUAREBernardoVega.jpg\" \/>\n\t<meta property=\"og:image:width\" content=\"1389\" \/>\n\t<meta property=\"og:image:height\" content=\"1389\" \/>\n\t<meta property=\"og:image:type\" content=\"image\/jpeg\" \/>\n<meta name=\"twitter:card\" content=\"summary_large_image\" \/>\n<meta name=\"twitter:site\" content=\"@autografotv\" \/>\n<meta name=\"twitter:label1\" content=\"Est. reading time\" \/>\n\t<meta name=\"twitter:data1\" content=\"2 minutes\" \/>\n<script type=\"application\/ld+json\" class=\"yoast-schema-graph\">{\"@context\":\"https:\\\/\\\/schema.org\",\"@graph\":[{\"@type\":\"WebPage\",\"@id\":\"https:\\\/\\\/autografo.tv\\\/bernardo-vega\\\/\",\"url\":\"https:\\\/\\\/autografo.tv\\\/bernardo-vega\\\/\",\"name\":\"Bernardo Vega - Aut\u00f3grafo TV\",\"isPartOf\":{\"@id\":\"https:\\\/\\\/autografo.tv\\\/#website\"},\"primaryImageOfPage\":{\"@id\":\"https:\\\/\\\/autografo.tv\\\/bernardo-vega\\\/#primaryimage\"},\"image\":{\"@id\":\"https:\\\/\\\/autografo.tv\\\/bernardo-vega\\\/#primaryimage\"},\"thumbnailUrl\":\"https:\\\/\\\/autografo.tv\\\/wp-content\\\/uploads\\\/2024\\\/05\\\/SQUAREBernardoVega.jpg\",\"datePublished\":\"2024-05-30T07:23:37+00:00\",\"dateModified\":\"2025-03-14T16:28:53+00:00\",\"breadcrumb\":{\"@id\":\"https:\\\/\\\/autografo.tv\\\/bernardo-vega\\\/#breadcrumb\"},\"inLanguage\":\"en-US\",\"potentialAction\":[{\"@type\":\"ReadAction\",\"target\":[\"https:\\\/\\\/autografo.tv\\\/bernardo-vega\\\/\"]}]},{\"@type\":\"ImageObject\",\"inLanguage\":\"en-US\",\"@id\":\"https:\\\/\\\/autografo.tv\\\/bernardo-vega\\\/#primaryimage\",\"url\":\"https:\\\/\\\/autografo.tv\\\/wp-content\\\/uploads\\\/2024\\\/05\\\/SQUAREBernardoVega.jpg\",\"contentUrl\":\"https:\\\/\\\/autografo.tv\\\/wp-content\\\/uploads\\\/2024\\\/05\\\/SQUAREBernardoVega.jpg\",\"width\":1389,\"height\":1389},{\"@type\":\"BreadcrumbList\",\"@id\":\"https:\\\/\\\/autografo.tv\\\/bernardo-vega\\\/#breadcrumb\",\"itemListElement\":[{\"@type\":\"ListItem\",\"position\":1,\"name\":\"Portada\",\"item\":\"https:\\\/\\\/autografo.tv\\\/\"},{\"@type\":\"ListItem\",\"position\":2,\"name\":\"Bernardo Vega\"}]},{\"@type\":\"WebSite\",\"@id\":\"https:\\\/\\\/autografo.tv\\\/#website\",\"url\":\"https:\\\/\\\/autografo.tv\\\/\",\"name\":\"Aut\u00f3grafo TV\",\"description\":\"\",\"publisher\":{\"@id\":\"https:\\\/\\\/autografo.tv\\\/#organization\"},\"potentialAction\":[{\"@type\":\"SearchAction\",\"target\":{\"@type\":\"EntryPoint\",\"urlTemplate\":\"https:\\\/\\\/autografo.tv\\\/?s={search_term_string}\"},\"query-input\":{\"@type\":\"PropertyValueSpecification\",\"valueRequired\":true,\"valueName\":\"search_term_string\"}}],\"inLanguage\":\"en-US\"},{\"@type\":\"Organization\",\"@id\":\"https:\\\/\\\/autografo.tv\\\/#organization\",\"name\":\"Aut\u00f3grafo TV\",\"url\":\"https:\\\/\\\/autografo.tv\\\/\",\"logo\":{\"@type\":\"ImageObject\",\"inLanguage\":\"en-US\",\"@id\":\"https:\\\/\\\/autografo.tv\\\/#\\\/schema\\\/logo\\\/image\\\/\",\"url\":\"https:\\\/\\\/autografo.tv\\\/wp-content\\\/uploads\\\/2025\\\/01\\\/cropped-favicon.png\",\"contentUrl\":\"https:\\\/\\\/autografo.tv\\\/wp-content\\\/uploads\\\/2025\\\/01\\\/cropped-favicon.png\",\"width\":512,\"height\":512,\"caption\":\"Aut\u00f3grafo TV\"},\"image\":{\"@id\":\"https:\\\/\\\/autografo.tv\\\/#\\\/schema\\\/logo\\\/image\\\/\"},\"sameAs\":[\"https:\\\/\\\/www.facebook.com\\\/autografotv\",\"https:\\\/\\\/x.com\\\/autografotv\",\"https:\\\/\\\/www.instagram.com\\\/autografotv\",\"https:\\\/\\\/www.youtube.com\\\/@autografotv\"]}]}<\/script>\n<!-- \/ Yoast SEO Premium plugin. -->","yoast_head_json":{"title":"Bernardo Vega - Aut\u00f3grafo TV","robots":{"index":"index","follow":"follow","max-snippet":"max-snippet:-1","max-image-preview":"max-image-preview:large","max-video-preview":"max-video-preview:-1"},"canonical":"https:\/\/autografo.tv\/en\/bernardo-vega\/","og_locale":"en_US","og_type":"article","og_title":"Bernardo Vega","og_description":"Cayey, PR, 1885 \u2013 San Juan, PR, 1965 Cayey, PR, 1885 \u2013 San Juan, PR, 1965 Trabajador ilustrado del tabaco, que por medio de organizaciones comunitarias y sindicatos promovi\u00f3 el&hellip;","og_url":"https:\/\/autografo.tv\/en\/bernardo-vega\/","og_site_name":"Aut\u00f3grafo TV","article_publisher":"https:\/\/www.facebook.com\/autografotv","article_modified_time":"2025-03-14T16:28:53+00:00","og_image":[{"width":1389,"height":1389,"url":"https:\/\/autografo.tv\/wp-content\/uploads\/2024\/05\/SQUAREBernardoVega.jpg","type":"image\/jpeg"}],"twitter_card":"summary_large_image","twitter_site":"@autografotv","twitter_misc":{"Est. reading time":"2 minutes"},"schema":{"@context":"https:\/\/schema.org","@graph":[{"@type":"WebPage","@id":"https:\/\/autografo.tv\/bernardo-vega\/","url":"https:\/\/autografo.tv\/bernardo-vega\/","name":"Bernardo Vega - Aut\u00f3grafo TV","isPartOf":{"@id":"https:\/\/autografo.tv\/#website"},"primaryImageOfPage":{"@id":"https:\/\/autografo.tv\/bernardo-vega\/#primaryimage"},"image":{"@id":"https:\/\/autografo.tv\/bernardo-vega\/#primaryimage"},"thumbnailUrl":"https:\/\/autografo.tv\/wp-content\/uploads\/2024\/05\/SQUAREBernardoVega.jpg","datePublished":"2024-05-30T07:23:37+00:00","dateModified":"2025-03-14T16:28:53+00:00","breadcrumb":{"@id":"https:\/\/autografo.tv\/bernardo-vega\/#breadcrumb"},"inLanguage":"en-US","potentialAction":[{"@type":"ReadAction","target":["https:\/\/autografo.tv\/bernardo-vega\/"]}]},{"@type":"ImageObject","inLanguage":"en-US","@id":"https:\/\/autografo.tv\/bernardo-vega\/#primaryimage","url":"https:\/\/autografo.tv\/wp-content\/uploads\/2024\/05\/SQUAREBernardoVega.jpg","contentUrl":"https:\/\/autografo.tv\/wp-content\/uploads\/2024\/05\/SQUAREBernardoVega.jpg","width":1389,"height":1389},{"@type":"BreadcrumbList","@id":"https:\/\/autografo.tv\/bernardo-vega\/#breadcrumb","itemListElement":[{"@type":"ListItem","position":1,"name":"Portada","item":"https:\/\/autografo.tv\/"},{"@type":"ListItem","position":2,"name":"Bernardo Vega"}]},{"@type":"WebSite","@id":"https:\/\/autografo.tv\/#website","url":"https:\/\/autografo.tv\/","name":"Aut\u00f3grafo TV","description":"","publisher":{"@id":"https:\/\/autografo.tv\/#organization"},"potentialAction":[{"@type":"SearchAction","target":{"@type":"EntryPoint","urlTemplate":"https:\/\/autografo.tv\/?s={search_term_string}"},"query-input":{"@type":"PropertyValueSpecification","valueRequired":true,"valueName":"search_term_string"}}],"inLanguage":"en-US"},{"@type":"Organization","@id":"https:\/\/autografo.tv\/#organization","name":"Aut\u00f3grafo TV","url":"https:\/\/autografo.tv\/","logo":{"@type":"ImageObject","inLanguage":"en-US","@id":"https:\/\/autografo.tv\/#\/schema\/logo\/image\/","url":"https:\/\/autografo.tv\/wp-content\/uploads\/2025\/01\/cropped-favicon.png","contentUrl":"https:\/\/autografo.tv\/wp-content\/uploads\/2025\/01\/cropped-favicon.png","width":512,"height":512,"caption":"Aut\u00f3grafo TV"},"image":{"@id":"https:\/\/autografo.tv\/#\/schema\/logo\/image\/"},"sameAs":["https:\/\/www.facebook.com\/autografotv","https:\/\/x.com\/autografotv","https:\/\/www.instagram.com\/autografotv","https:\/\/www.youtube.com\/@autografotv"]}]}},"_links":{"self":[{"href":"https:\/\/autografo.tv\/en\/wp-json\/wp\/v2\/pages\/437","targetHints":{"allow":["GET"]}}],"collection":[{"href":"https:\/\/autografo.tv\/en\/wp-json\/wp\/v2\/pages"}],"about":[{"href":"https:\/\/autografo.tv\/en\/wp-json\/wp\/v2\/types\/page"}],"author":[{"embeddable":true,"href":"https:\/\/autografo.tv\/en\/wp-json\/wp\/v2\/users\/1"}],"replies":[{"embeddable":true,"href":"https:\/\/autografo.tv\/en\/wp-json\/wp\/v2\/comments?post=437"}],"version-history":[{"count":34,"href":"https:\/\/autografo.tv\/en\/wp-json\/wp\/v2\/pages\/437\/revisions"}],"predecessor-version":[{"id":4670,"href":"https:\/\/autografo.tv\/en\/wp-json\/wp\/v2\/pages\/437\/revisions\/4670"}],"wp:featuredmedia":[{"embeddable":true,"href":"https:\/\/autografo.tv\/en\/wp-json\/wp\/v2\/media\/433"}],"wp:attachment":[{"href":"https:\/\/autografo.tv\/en\/wp-json\/wp\/v2\/media?parent=437"}],"wp:term":[{"taxonomy":"category","embeddable":true,"href":"https:\/\/autografo.tv\/en\/wp-json\/wp\/v2\/categories?post=437"},{"taxonomy":"post_tag","embeddable":true,"href":"https:\/\/autografo.tv\/en\/wp-json\/wp\/v2\/tags?post=437"}],"curies":[{"name":"wp","href":"https:\/\/api.w.org\/{rel}","templated":true}]}}